{"id":3,"date":"2022-11-11T00:28:56","date_gmt":"2022-11-10T23:28:56","guid":{"rendered":"http:\/\/wakcom.pl\/?page_id=3"},"modified":"2022-11-11T14:14:29","modified_gmt":"2022-11-11T13:14:29","slug":"polityka-prywatnosci","status":"publish","type":"page","link":"http:\/\/wakcom.pl\/?page_id=3","title":{"rendered":"Polityka prywatno\u015bci"},"content":{"rendered":"\t\t<div data-elementor-type=\"wp-page\" data-elementor-id=\"3\" class=\"elementor elementor-3\">\n\t\t\t\t\t\t\t\t\t<section class=\"elementor-section elementor-top-section elementor-element elementor-element-685f7a07 elementor-section-boxed elementor-section-height-default elementor-section-height-default\" data-id=\"685f7a07\" data-element_type=\"section\">\n\t\t\t\t\t\t<div class=\"elementor-container elementor-column-gap-default\">\n\t\t\t\t\t<div class=\"elementor-column elementor-col-100 elementor-top-column elementor-element elementor-element-42f9b6b\" data-id=\"42f9b6b\" data-element_type=\"column\">\n\t\t\t<div class=\"elementor-widget-wrap elementor-element-populated\">\n\t\t\t\t\t\t\t\t<div class=\"elementor-element elementor-element-d8b8809 elementor-widget elementor-widget-text-editor\" data-id=\"d8b8809\" data-element_type=\"widget\" data-widget_type=\"text-editor.default\">\n\t\t\t\t<div class=\"elementor-widget-container\">\n\t\t\t<style>\/*! elementor - v3.8.0 - 30-10-2022 *\/\n.elementor-widget-text-editor.elementor-drop-cap-view-stacked .elementor-drop-cap{background-color:#818a91;color:#fff}.elementor-widget-text-editor.elementor-drop-cap-view-framed .elementor-drop-cap{color:#818a91;border:3px solid;background-color:transparent}.elementor-widget-text-editor:not(.elementor-drop-cap-view-default) .elementor-drop-cap{margin-top:8px}.elementor-widget-text-editor:not(.elementor-drop-cap-view-default) .elementor-drop-cap-letter{width:1em;height:1em}.elementor-widget-text-editor .elementor-drop-cap{float:left;text-align:center;line-height:1;font-size:50px}.elementor-widget-text-editor .elementor-drop-cap-letter{display:inline-block}<\/style>\t\t\t\t<p>POLITYKA PRYWATNO\u015aCI SERWISU<br>www.wakcom.pl<br>Ochrona prywatno\u015bci U\u017cytkownik\u00f3w jest dla WAKCom Wies\u0142aw Kanabaj szczeg\u00f3lnie wa\u017cna. Z tego<br>wzgl\u0119du U\u017cytkownicy Serwisu www.wakcom.pl maj\u0105 zagwarantowane wysokie standardy ochrony<br>prywatno\u015bci. WAKCom Wies\u0142aw Kanabaj jako administrator danych dba o bezpiecze\u0144stwo<br>udost\u0119pnionych przez U\u017cytkownik\u00f3w danych.<br>Celem Administratora jest r\u00f3wnie\u017c nale\u017cyte informowanie U\u017cytkownik\u00f3w o prawach i obowi\u0105zkach<br>zwi\u0105zanych z przetwarzaniem danych osobowych, szczeg\u00f3lnie wobec tre\u015bci przepis\u00f3w o ochronie<br>danych osobowych okre\u015blonych w rozporz\u0105dzeniu Parlamentu Europejskiego i Rady (UE) 2016\/679 z<br>dnia 27.04.2016r. w sprawie ochrony os\u00f3b fizycznych w zwi\u0105zku z przetwarzaniem danych osobowych<br>i w sprawie swobodnego przep\u0142ywu takich danych oraz uchylenia dyrektywy 95\/46\/WE (dalej jako<br>\u201eRODO\u201d). Dlatego te\u017c, dbaj\u0105c o ochron\u0119 prywatno\u015bci U\u017cytkownik\u00f3w Serwisu, w niniejszym<br>dokumencie Administrator informuje o podstawach prawnych przetwarzania danych osobowych<br>przekazanych przez U\u017cytkownik\u00f3w w zwi\u0105zku z korzystaniem przez nich z Serwisu www.wakcom.pl<br>(dalej jako \u201eSerwis\u201d), sposobach zbierania, przetwarzania i ochrony danych osobowych, a tak\u017ce o<br>prawach U\u017cytkownik\u00f3w.<br>U\u017cytkownikiem jest ka\u017cda osoba fizyczna, kt\u00f3rej dane dotycz\u0105, korzystaj\u0105ca z serwisu internetowego<br>www.wakcom.pl lub us\u0142ug elektronicznych dost\u0119pnych za po\u015brednictwem Serwisu.<br>Administratorem danych osobowych udost\u0119pnionych przez U\u017cytkownika w Serwisie www.wakcom.pl<br>jest WAKCom Wies\u0142aw Kanabaj, Leszczynowa 4 86-021 \u017bo\u0142\u0119dowo, NIP 5541284388,(dalej<br>jako \u201eAdministrator\u201d).<br>I.&nbsp;&nbsp;&nbsp; ZGODA U\u017bYTKOWNIKAI.<br>Korzystanie z Serwisu www.wakcom.pl przez U\u017cytkownika oznacza, \u017ce U\u017cytkownik akceptuje,<br>\u017ce Administrator gromadzi oraz wykorzystuje dane osobowe zgodnie z niniejsz\u0105 Polityk\u0105<br>Prywatno\u015bci.<br>Dane osobowe U\u017cytkownika Serwisu s\u0105 przetwarzane przez Administratora w oparciu o jego<br>zgod\u0119, za\u015b w niekt\u00f3rych przypadkach opisanych w niniejszym dokumencie, w ramach prawnie<br>uzasadnionego interesu Administratora. U\u017cytkownik ma prawo w dowolnym momencie wycofa\u0107<br>wyra\u017con\u0105 wcze\u015bniej zgod\u0119. Wycofanie zgody nie wp\u0142ywa na zgodno\u015b\u0107 z prawem przetwarzania,<br>kt\u00f3rego dokonano na podstawie zgody przed jej wycofaniem.<br>W przypadku, gdy nast\u0105pi zmiana niniejszej Polityki Prywatno\u015bci, a U\u017cytkownik nadal b\u0119dzie<br>korzysta\u0142 z Serwisu, to poczytuje si\u0119 to za wyra\u017cenie zgody na aktualne warunki Polityki<br>Prywatno\u015bci.<br>II.&nbsp;&nbsp;&nbsp; DANE OSOBOWE PRZETWARZANE PRZEZ ADMINISTRATORAII.<br>a.&nbsp;&nbsp;&nbsp; Spos\u00f3b pozyskiwania danych osobowych1.<br>Administrator pozyskuje dane osobowe bezpo\u015brednio od U\u017cytkownika za po\u015brednictwem<br>Serwisu, poprzez wype\u0142nienie przez U\u017cytkownika formularza kontaktowego dost\u0119pnego w<br>Serwisie i przes\u0142anie za jego po\u015brednictwem wiadomo\u015bci do Administratora.<br>Podanie danych osobowych zawartych w formularzu kontaktowym jest dobrowolne<br>b.&nbsp;&nbsp;&nbsp; Rodzaje przetwarzanych danych osobowych2.<br>Administrator gromadzi za po\u015brednictwem Serwisu nast\u0119puj\u0105ce dane osobowe dotycz\u0105ce<br>U\u017cytkownika:<br>Adres e-mail;1.<br>Tre\u015b\u0107 wiadomo\u015bci.2.<br>CELE PRZETWARZANIA DANYCH OSOBOWYCHIII.<br>Spos\u00f3b przetwarzania przez Administratora danych dotycz\u0105cych U\u017cytkownika zale\u017cy od<br>sposobu korzystania przez U\u017cytkownika z Serwisu i dost\u0119pnych w nim funkcjonalno\u015bci.<br>Administrator przetwarza dane osobowe U\u017cytkownika w nast\u0119puj\u0105cych celach:<br>c.&nbsp;&nbsp;&nbsp; Komunikacji z U\u017cytkownikiem.1.<br>Administrator wykorzystuje dane osobowe U\u017cytkownika w celu komunikacji z nim w<br>spersonalizowany spos\u00f3b. Komunikowane U\u017cytkownikowi informacje dotycz\u0105<br>oferowanych produkt\u00f3w lub us\u0142ug, bezpiecze\u0144stwa danych osobowych, aktualizacji sieci,<br>przypomnie\u0144, ale r\u00f3wnie\u017c sugerowanych ofert Administratora lub jego partner\u00f3w.<br>Komunikacja z U\u017cytkownikiem dotyczy tak\u017ce obs\u0142ugi U\u017cytkownika. Dane osobowe<br>wykorzystywane s\u0105 w celu pomocy U\u017cytkownikowi, rozwi\u0105zaniu problem\u00f3w technicznych<br>oraz odpowiedzi na jego skargi lub reklamacje.<br>d.&nbsp;&nbsp;&nbsp; Przedstawiania U\u017cytkownikowi ofert handlowych drog\u0105 elektroniczn\u0105.2.<br>Celem korzystania z danych osobowych U\u017cytkownika udost\u0119pnionych przez niego za<br>po\u015brednictwem formularza kontaktowego dost\u0119pnego w Serwisie jest komunikacja<br>marketingowa prowadzona przez Administratora w ramach prowadzonej dzia\u0142alno\u015bci, w<br>szczeg\u00f3lno\u015bci przedstawianie ofert handlowych U\u017cytkownikowi drog\u0105 elektroniczn\u0105.<br>e.&nbsp;&nbsp;&nbsp; Przedstawiania U\u017cytkownikowi ofert handlowych w kontakcie telefonicznym.3.<br>Celem korzystania z danych osobowych U\u017cytkownika udost\u0119pnionych przez niego za<br>po\u015brednictwem formularza kontaktowego dost\u0119pnego w Serwisie jest komunikacja<br>marketingowa prowadzona przez Administratora w ramach prowadzonej dzia\u0142alno\u015bci, w<br>szczeg\u00f3lno\u015bci poprzez przedstawianie ofert handlowych U\u017cytkownikowi w kontakcie<br>telefonicznym.<br>f.&nbsp;&nbsp;&nbsp; Przesy\u0142ania U\u017cytkownikowi informacji drog\u0105 elektroniczn\u0105 w ramach zapisu na<br>newsletter Administratora.<br>Celem korzystania przez Administratora z danych osobowych U\u017cytkownika<br>udost\u0119pnionych w ramach formularza zapisu na newsletter Administratora<br>udost\u0119pnionego w Serwisie jest informowanie U\u017cytkownika drog\u0105 elektroniczn\u0105 (e-<br>mailowo) o nowych produktach, us\u0142ugach, promocjach lub wydarzeniach Administratora<br>lub jego partner\u00f3w.<br>g.&nbsp;&nbsp;&nbsp; Umo\u017cliwienia przesy\u0142ania przez U\u017cytkownika komentarzy lub opinii.<br>Administrator wykorzystuje dane osobowe U\u017cytkownika w celu umo\u017cliwienia mu<br>komentowania\/opiniowania dzia\u0142alno\u015bci, us\u0142ug lub produkt\u00f3w Administratora lub<br>podmiot\u00f3w z nim wsp\u00f3\u0142pracuj\u0105cych.<br>Administrator mo\u017ce przetwarza\u0107 dane osobowe U\u017cytkownika podane w formularzu<br>kontaktowym r\u00f3wnie\u017c w nast\u0119puj\u0105cych celach:<br>w celu zawarcia i realizacji ewentualnej umowy pomi\u0119dzy U\u017cytkownikiem a1.<br>Administratorem oraz obs\u0142ugi U\u017cytkownika jako klienta Administratora zgodnie z art. 6<br>ust. 1 lit. b) RODO;<br>w celu prowadzenia rozlicze\u0144 finansowych z U\u017cytkownikiem b\u0119d\u0105cym klientem2.<br>Administratora tytu\u0142em realizacji ewentualnej umowy zawartej mi\u0119dzy stronami, a tak\u017ce<br>ewentualnego dochodzenia roszcze\u0144 od U\u017cytkownika b\u0119d\u0105cego klientem w ramach<br>prawnie uzasadnionego interesu Administratora zgodnie z art. 6 ust. 1 lit. f) RODO oraz<br>spe\u0142nienia obowi\u0105zk\u00f3w prawnych Administratora wobec organ\u00f3w podatkowych na<br>podstawie odr\u0119bnych przepis\u00f3w zgodnie z art. 6 ust. 1 lit. c) RODO;<br>w celu realizacji dzia\u0142a\u0144 marketingowych Administratora w ramach prawnie3.<br>uzasadnionego interesu Administratora w rozumieniu art. 6 ust. 1 lit. f) RODO, a tak\u017ce<br>zgodnie z o\u015bwiadczeniami woli dotycz\u0105cymi komunikacji marketingowej z\u0142o\u017conymi wobec<br>Administratora. Zgody udzielone w zakresie komunikacji marketingowej (np. na<br>przesy\u0142anie informacji handlowych drog\u0105 elektroniczn\u0105 lub kontakt telefoniczny w celach<br>marketingu bezpo\u015bredniego) mog\u0105 by\u0107 wycofane w dowolnym czasie, bez wp\u0142ywu na<br>zgodno\u015b\u0107 z prawem przetwarzania, kt\u00f3rego dokonano na podstawie zgody przed jej<br>cofni\u0119ciem;<br>w celu realizacji obowi\u0105zk\u00f3w prawnych Administratora wobec U\u017cytkownika okre\u015blonych w4.<br>RODO, w rozumieniu art. 6 ust. 1 lit. c) RODO.<br>UDOST\u0118PNIANIE DANYCH OSOBOWYCHIV.<br>Dane osobowe U\u017cytkownika nie s\u0105 przekazywane przez Administratora podmiotom trzecim.<br>PRAWA U\u017bYTKOWNIKAV.<br>Prawa U\u017cytkownika1.<br>U\u017cytkownik na ka\u017cdym etapie przetwarzania jego danych zapewniony ma szereg<br>uprawnie\u0144 pozwalaj\u0105cych mu uzyska\u0107 dost\u0119p do swoich danych, weryfikac<br>prawid\u0142owo\u015bci przetwarzania danych, ich korekt\u0119, jak r\u00f3wnie\u017c ma prawo zg\u0142oszenia<br>sprzeciwu wobec ich przetwarzania, mo\u017ce \u017c\u0105da\u0107 usuni\u0119cia danych, ograniczenia<br>przetwarzania lub przeniesienia danych.<br>W przypadku ch\u0119ci skorzystania przez U\u017cytkownika z przys\u0142uguj\u0105cych mu praw jako<br>podmiotu danych osobowych, mo\u017ce on si\u0119 skontaktowa\u0107 z Administratorem za pomoc\u0105<br>nast\u0119puj\u0105cych danych kontaktowych: WAKCom Wies\u0142aw Kanabaj, Leszczynowa 4 ,<br>86-021 \u017bo\u0142\u0119dowo, biuro@wakcom.pl.<br>Prawo wniesienia skargi do organu nadzorczego2.<br>U\u017cytkownik, kt\u00f3rego dane osobowe s\u0105 przetwarzane przez Administratora ma prawo<br>wnie\u015b\u0107 skarg\u0119 do organu nadzoru w\u0142a\u015bciwego w sprawach ochrony danych osobowych<br>(Prezesa Urz\u0119du Ochrony Danych Osobowych).<br>PLIKI COOKIESVI.<br>Administrator informuje, i\u017c podczas korzystania z Serwisu w urz\u0105dzeniu ko\u0144cowym1.<br>U\u017cytkownika zapisywane s\u0105 kr\u00f3tkie informacje tekstowe zwane \u201ecookies\u201d. Pliki \u201ecookies\u201d<br>zawieraj\u0105 takie dane informatyczne jak: adres IP dotycz\u0105cy U\u017cytkownika, nazwa strony<br>internetowej, z kt\u00f3rej pochodz\u0105, czas przechowywania ich na urz\u0105dzeniu ko\u0144cowym<br>U\u017cytkownika, zapis parametr\u00f3w i statystyki oraz unikalny numer. Pliki \u201ecookies\u201d s\u0105<br>kierowane do serwera Serwisu za po\u015brednictwem przegl\u0105darki internetowej<br>zainstalowanej w urz\u0105dzeniu ko\u0144cowym U\u017cytkownika.<br>Pliki \u201ecookies\u201d wykorzystywane s\u0105 w Serwisie w celu:<br>utrzymania technicznej poprawno\u015bci i ci\u0105g\u0142o\u015bci sesji pomi\u0119dzy serwerem Serwisu, aa.<br>urz\u0105dzeniem ko\u0144cowym U\u017cytkownika;<br>optymalizacji korzystania przez U\u017cytkownika ze stron internetowych Serwisu ib.<br>dostosowania sposobu ich wy\u015bwietlania na urz\u0105dzeniu ko\u0144cowym U\u017cytkownika;<br>zapewnienia bezpiecze\u0144stwa korzystania z Serwisu;c.<br>zbierania statystyk odwiedzin stron Serwisu wspieraj\u0105cych ulepszanie ich strukturyd.<br>i zawarto\u015bci;<br>wy\u015bwietlania na urz\u0105dzeniu ko\u0144cowym U\u017cytkownika tre\u015bci reklamowyche.<br>optymalnie dostosowanych do jego preferencji.<br>W ramach Serwisu stosowane s\u0105 dwa rodzaje plik\u00f3w \u201ecookies\u201d: \u201esesyjne\u201d oraz \u201esta\u0142e\u201d.<br>\u201eSesyjne\u201d pliki \u201ecookies\u201d s\u0105 plikami ulegaj\u0105cymi automatycznemu usuni\u0119ciu z urz\u0105dzenia<br>ko\u0144cowego U\u017cytkownika Serwisu po jego wylogowaniu z Serwisu lub po opuszczeniu<br>przez niego stron internetowych Serwisu lub po wy\u0142\u0105czeniu przegl\u0105darki internetowej.<br>\u201eSta\u0142e\u201d pliki \u201ecookies\u201d przechowywane s\u0105 w urz\u0105dzeniu ko\u0144cowym U\u017cytkownika przez<br>czas okre\u015blony w parametrach plik\u00f3w \u201ecookies\u201d lub do czasu ich usuni\u0119cia przez<br>U\u017cytkownika. \u201eSta\u0142e\u201d pliki \u201ecookies\u201d instalowane s\u0105 w urz\u0105dzeniu ko\u0144cowym U\u017cytkownika<br>wy\u0142\u0105cznie za jego zgod\u0105.<br>Administrator informuje, \u017ce:<br>przegl\u0105darki internetowe domy\u015blnie akceptuj\u0105 instalowanie plik\u00f3w \u201ecookies\u201d wa.<br>urz\u0105dzeniu ko\u0144cowym U\u017cytkownika. Ka\u017cdy U\u017cytkownik Serwisu mo\u017ce dokona\u0107 w<br>dowolnym czasie zmiany ustawie\u0144 dotycz\u0105cych plik\u00f3w \u201ecookies\u201d w u\u017cywanej przez<br>niego przegl\u0105darce internetowej w taki spos\u00f3b, aby przegl\u0105darka automatycznie<br>blokowa\u0142a obs\u0142ug\u0119 plik\u00f3w \u201ecookies\u201d, b\u0105d\u017a informowa\u0142a U\u017cytkownika o ich<br>ka\u017cdorazowym zamieszczeniu w jego urz\u0105dzeniu ko\u0144cowym. Szczeg\u00f3\u0142owe<br>informacje o mo\u017cliwo\u015bci i sposobach obs\u0142ugi plik\u00f3w \u201ecookies\u201d dost\u0119pne s\u0105 w<br>ustawieniach przegl\u0105darki internetowej stosowanej przez U\u017cytkownika Serwisu.<br>ograniczenie stosowania plik\u00f3w \u201ecookies\u201d przez U\u017cytkownika mo\u017ce ujemnieb.<br>wp\u0142yn\u0105\u0107 na poprawno\u015b\u0107 i ci\u0105g\u0142o\u015b\u0107 \u015bwiadczenia Us\u0142ug w Serwisie.<br>Pliki \u201ecookies\u201d zainstalowane w urz\u0105dzeniu ko\u0144cowym U\u017cytkownika Serwisu mog\u0105 by\u0107<br>wykorzystywane przez wsp\u00f3\u0142pracuj\u0105cych z Administratorem reklamodawc\u00f3w lub<br>partner\u00f3w biznesowych.<br>Pliki \u201ecookies\u201d mo\u017cna uzna\u0107 za dane osobowe jedynie w powi\u0105zaniu z innymi danymi<br>identyfikuj\u0105cymi to\u017csamo\u015b\u0107, udost\u0119pnionymi Administratorowi przez U\u017cytkownika w<br>ramach korzystania z Serwisu.<br>Dost\u0119p do plik\u00f3w \u201ecookies\u201d przetwarzanych przez serwer Serwisu posiada wy\u0142\u0105cznie<br>Administrator.<br>Je\u015bli U\u017cytkownik nie zgadza si\u0119 na zapisywanie i odbieranie informacji w plikach<br>\u201ecookies\u201d, mo\u017ce zmieni\u0107 zasady dotycz\u0105ce plik\u00f3w \u201ecookies\u201d za pomoc\u0105 ustawie\u0144 swojej<br>przegl\u0105darki internetowej.<br>INNE WA\u017bNE INFORMACJEVII.<br>Ochrona bezpiecze\u0144stwa danych osobowych1.<br>Administrator wprowadza odpowiednie \u015brodki maj\u0105ce na celu zapewnienie<br>bezpiecze\u0144stwa danych osobowych U\u017cytkownika. Bezpieczne korzystanie z Serwisu<br>zapewniaj\u0105 stosowane systemy oraz procedury chroni\u0105ce przed dost\u0119pem oraz<br>ujawnieniem danych osobom niepo\u017c\u0105danym. Ponadto stosowane przez Administratora<br>systemy oraz procesy s\u0105 regularnie monitorowane w celu wykrycia ewentualnych<br>zagro\u017ce\u0144. Pozyskane przez Administratora dane osobowe przechowywane s\u0105 w<br>systemach komputerowych, do kt\u00f3rych dost\u0119p jest \u015bci\u015ble ograniczony.<br>Przechowywanie danych osobowych2.<br>Okres przechowywania danych osobowych U\u017cytkownik\u00f3w uzale\u017cniony jest od cel\u00f3w<br>przetwarzania przez Administratora danych.<br>Administrator przechowuje dane osobowe przez taki okres, jaki jest konieczny do<br>osi\u0105gni\u0119cia okre\u015blonych cel\u00f3w, tj.:<br>przez okres prowadzenia dzia\u0142alno\u015bci gospodarczej przez Administratora.<br>W ka\u017cdym z powy\u017cszych przypadk\u00f3w, po up\u0142ywie niezb\u0119dnego okresu przetwarzania,<br>dane mog\u0105 by\u0107 przetwarzane tylko w celu dochodzenia roszcze\u0144 na tle \u0142\u0105cz\u0105cych strony<br>relacji do czasu ostatecznego rozstrzygni\u0119cia tych roszcze\u0144 na drodze prawnej.<br>Zmiany Polityki prywatno\u015bci3.<br>W celu uaktualnienia informacji zawartych w niniejszej Polityce prywatno\u015bci oraz jej<br>zgodno\u015bci z obowi\u0105zuj\u0105cymi przepisami prawa, niniejsza Polityka prywatno\u015bci mo\u017ce ulec<br>zmianie. W przypadku zmiany tre\u015bci Polityki prywatno\u015bci, zmieniona zostanie data jej<br>aktualizacji wskazana na ko\u0144cu jej tekstu. W celu zasi\u0119gni\u0119cia informacji o sposobie<br>ochrony danych osobowych, Administrator rekomenduje U\u017cytkownikom regularne<br>zapoznawanie si\u0119 z postanowieniami Polityki Prywatno\u015bci.<br>Informacje kontaktowe4.<br>W celu uzyskania jakichkolwiek informacji dotycz\u0105cych niniejszej Polityki Prywatno\u015bci,<br>U\u017cytkownik mo\u017ce skontaktowa\u0107 si\u0119 z Administratorem danych osobowych:WAKCom<br>Wies\u0142aw Kanabaj, Leszczynowa 4 86-021 \u017bo\u0142\u0119dowo,z wykorzystaniem<br>nast\u0119puj\u0105cych danych kontaktowych: biuro@wakcom.pl.<br>Ponadto istnieje r\u00f3wnie\u017c mo\u017cliwo\u015b\u0107 kontaktu drog\u0105 pocztow\u0105 pod adresem:<br>Leszczynowa 4 86-021 \u017bo\u0142\u0119dowo.<br>Ostatnia aktualizacja niniejszego dokumentu mia\u0142a miejsce dnia 05.03.2019<br><br><\/p>\t\t\t\t\t\t<\/div>\n\t\t\t\t<\/div>\n\t\t\t\t\t<\/div>\n\t\t<\/div>\n\t\t\t\t\t\t\t<\/div>\n\t\t<\/section>\n\t\t\t\t\t\t\t<\/div>\n\t\t","protected":false},"excerpt":{"rendered":"<p>POLITYKA PRYWATNO\u015aCI SERWISUwww.wakcom.plOchrona prywatno\u015bci U\u017cytkownik\u00f3w jest dla WAKCom Wies\u0142aw Kanabaj szczeg\u00f3lnie wa\u017cna. Z tegowzgl\u0119du U\u017cytkownicy Serwisu www.wakcom.pl maj\u0105 zagwarantowane wysokie standardy ochronyprywatno\u015bci. WAKCom Wies\u0142aw Kanabaj jako administrator danych dba o bezpiecze\u0144stwoudost\u0119pnionych przez U\u017cytkownik\u00f3w danych.Celem Administratora jest r\u00f3wnie\u017c nale\u017cyte informowanie U\u017cytkownik\u00f3w o prawach i obowi\u0105zkachzwi\u0105zanych z przetwarzaniem danych osobowych, szczeg\u00f3lnie wobec tre\u015bci przepis\u00f3w o ochroniedanych osobowych&hellip;<\/p>\n<p class=\"more-link\"><a href=\"http:\/\/wakcom.pl\/?page_id=3\" class=\"themebutton2\">Read More<\/a><\/p>\n","protected":false},"author":1,"featured_media":0,"parent":0,"menu_order":0,"comment_status":"closed","ping_status":"open","template":"","meta":{"footnotes":""},"class_list":["post-3","page","type-page","status-publish","hentry"],"_links":{"self":[{"href":"http:\/\/wakcom.pl\/index.php?rest_route=\/wp\/v2\/pages\/3","targetHints":{"allow":["GET"]}}],"collection":[{"href":"http:\/\/wakcom.pl\/index.php?rest_route=\/wp\/v2\/pages"}],"about":[{"href":"http:\/\/wakcom.pl\/index.php?rest_route=\/wp\/v2\/types\/page"}],"author":[{"embeddable":true,"href":"http:\/\/wakcom.pl\/index.php?rest_route=\/wp\/v2\/users\/1"}],"replies":[{"embeddable":true,"href":"http:\/\/wakcom.pl\/index.php?rest_route=%2Fwp%2Fv2%2Fcomments&post=3"}],"version-history":[{"count":6,"href":"http:\/\/wakcom.pl\/index.php?rest_route=\/wp\/v2\/pages\/3\/revisions"}],"predecessor-version":[{"id":87,"href":"http:\/\/wakcom.pl\/index.php?rest_route=\/wp\/v2\/pages\/3\/revisions\/87"}],"wp:attachment":[{"href":"http:\/\/wakcom.pl\/index.php?rest_route=%2Fwp%2Fv2%2Fmedia&parent=3"}],"curies":[{"name":"wp","href":"https:\/\/api.w.org\/{rel}","templated":true}]}}